{"id":350,"date":"2017-04-11T13:56:42","date_gmt":"2017-04-11T16:56:42","guid":{"rendered":"http:\/\/highgradelab.com\/stash\/agency\/?page_id=2"},"modified":"2022-01-26T15:32:54","modified_gmt":"2022-01-26T18:32:54","slug":"home-bushido","status":"publish","type":"page","link":"https:\/\/bushidoproducoes.com.br\/","title":{"rendered":"Home"},"content":{"rendered":"<p>[vc_section full_width=&#8221;stretch_row&#8221; full_height=&#8221;yes&#8221; content_placement=&#8221;middle&#8221; parallax=&#8221;content-moving&#8221; parallax_image=&#8221;545&#8243; el_id=&#8221;hero&#8221; el_class=&#8221;dark-scheme&#8221; css=&#8221;.vc_custom_1566654373649{padding-top: 150px !important;padding-bottom: 300px !important;}&#8221;][vc_row][vc_column][vc_custom_heading text=&#8221;#aqui\u00e9cultura&#8221; font_container=&#8221;tag:h1|font_size:80|text_align:center|color:%23ffffff|line_height:1&#8243; use_theme_fonts=&#8221;yes&#8221; css_animation=&#8221;slideInDown&#8221;][vc_column_text css_animation=&#8221;fadeIn&#8221; css=&#8221;.vc_custom_1643211729701{padding-top: 30px !important;}&#8221;]<\/p>\n<h3 style=\"text-align: center;\"><em>Planejamento, gest\u00e3o e execu\u00e7\u00e3o de projetos culturais, sociais e editorais<\/em><\/h3>\n<p>[\/vc_column_text][\/vc_column][\/vc_row][\/vc_section][vc_section el_id=&#8221;about&#8221; el_class=&#8221;light-scheme&#8221; css=&#8221;.vc_custom_1496661954147{padding-top: 120px !important;padding-bottom: 100px !important;}&#8221;][vc_row][vc_column width=&#8221;1\/2&#8243;][vc_row_inner][vc_column_inner width=&#8221;5\/6&#8243; css=&#8221;.vc_custom_1495629362518{padding-right: 0px !important;padding-left: 0px !important;}&#8221;][vc_column_text css_animation=&#8221;fadeIn&#8221; css=&#8221;.vc_custom_1562871648353{padding-top: 10px !important;}&#8221;]<\/p>\n<h2>Projetos que <em>transformam<\/em> pessoas e comunidades<\/h2>\n<p>[\/vc_column_text][vc_column_text css_animation=&#8221;fadeIn&#8221; css=&#8221;.vc_custom_1566998690059{padding-top: 5px !important;padding-bottom: 15px !important;}&#8221;]Desenvolvimento de projetos socioculturais para execu\u00e7\u00e3o em todo o Brasil. Levamos conhecimento e alegria aos centros urbanos, \u00e0s comunidades de periferias e aos distritos rurais mais distantes. Acreditamos na arte e na cultura como for\u00e7as estrat\u00e9gicas para a constru\u00e7\u00e3o de um pa\u00eds justo e cidad\u00e3o.[\/vc_column_text][vc_btn title=&#8221;Conhe\u00e7a nossos projetos&#8221; style=&#8221;custom&#8221; custom_background=&#8221;#595959&#8243; custom_text=&#8221;#ffffff&#8221; css_animation=&#8221;fadeIn&#8221; link=&#8221;url:https%3A%2F%2Fwww.youtube.com%2Fc%2FBushidoProdu%25C3%25A7%25C3%25B5es|target:_blank&#8221;][\/vc_column_inner][vc_column_inner width=&#8221;1\/6&#8243;][\/vc_column_inner][\/vc_row_inner][\/vc_column][vc_column css_animation=&#8221;fadeIn&#8221; width=&#8221;1\/2&#8243;][vc_row_inner][vc_column_inner width=&#8221;1\/2&#8243;][vc_column_text css_animation=&#8221;fadeIn&#8221;]<\/p>\n<h4>Social<\/h4>\n<p>[\/vc_column_text][vc_column_text css_animation=&#8221;fadeIn&#8221; css=&#8221;.vc_custom_1563027850326{margin-top: -20px !important;margin-bottom: 20px !important;}&#8221;]Invista em cultura e cidadania. Conhe\u00e7a nossos projetos socioculturais inscritos na Lei Federal de Incentivo a Cultura.[\/vc_column_text][\/vc_column_inner][vc_column_inner width=&#8221;1\/2&#8243;][vc_column_text css_animation=&#8221;fadeIn&#8221;]<\/p>\n<h4>Editorial<\/h4>\n<p>[\/vc_column_text][vc_column_text css_animation=&#8221;fadeIn&#8221; css=&#8221;.vc_custom_1566680799551{margin-top: -20px !important;margin-bottom: 20px !important;}&#8221;]Mais de 30 anos de experi\u00eancia em projetos editorais, nas \u00e1reas de patrim\u00f4nio, cultura, esportes, tecnologia e arte, entre outros.[\/vc_column_text][\/vc_column_inner][\/vc_row_inner][vc_row_inner css=&#8221;.vc_custom_1495629335359{padding-top: 10px !important;}&#8221;][vc_column_inner width=&#8221;1\/2&#8243;][vc_column_text css_animation=&#8221;fadeIn&#8221;]<\/p>\n<h4>Socioambiental<\/h4>\n<p>[\/vc_column_text][vc_column_text css_animation=&#8221;fadeIn&#8221; css=&#8221;.vc_custom_1643117823045{margin-top: -20px !important;}&#8221;]Despertar a consci\u00eancia sobre a conserva\u00e7\u00e3o do meio ambiente e a sustentabilidade \u00e9 um dos focos dos nossos projetos. Saiba mais sobre nossas iniciativas.[\/vc_column_text][\/vc_column_inner][vc_column_inner width=&#8221;1\/2&#8243;][vc_column_text css_animation=&#8221;fadeIn&#8221;]<\/p>\n<h4>Cria\u00e7\u00e3o<\/h4>\n<p>[\/vc_column_text][vc_column_text css_animation=&#8221;fadeIn&#8221; css=&#8221;.vc_custom_1563028119045{margin-top: -20px !important;}&#8221;]Traga sua ideia! Planejamento e execu\u00e7\u00e3o de projetos culturais s\u00e3o nosso neg\u00f3cio. Transformamos em realidade seu livro, pe\u00e7a ou evento.[\/vc_column_text][\/vc_column_inner][\/vc_row_inner][\/vc_column][\/vc_row][\/vc_section][vc_section full_width=&#8221;stretch_row&#8221; parallax=&#8221;content-moving&#8221; parallax_image=&#8221;560&#8243; css=&#8221;.vc_custom_1567259299990{padding-top: 150px !important;padding-bottom: 120px !important;}&#8221; el_class=&#8221;dark-scheme&#8221; el_id=&#8221;cta&#8221;][vc_row css_animation=&#8221;fadeInDown&#8221;][vc_column][vc_column_text css_animation=&#8221;fadeIn&#8221;]<\/p>\n<h2 style=\"text-align: center;\">A\u00e7\u00f5es de interven\u00e7\u00e3o na realidade de comunidades, com foco no protagonismo juvenil<\/h2>\n<p>[\/vc_column_text][vc_column_text css_animation=&#8221;fadeIn&#8221;]<\/p>\n<p style=\"text-align: center;\"><strong>Espet\u00e1culos realizados em escolas da rede p\u00fablica de todo o Brasil, seguidos por debates e distribui\u00e7\u00e3o de livros e cartilhas<\/strong><\/p>\n<p>[\/vc_column_text][vc_btn title=&#8221;Conhe\u00e7a o projeto \u201c\u00c9 Agora!\u201d&#8221; style=&#8221;custom&#8221; custom_background=&#8221;#595959&#8243; custom_text=&#8221;#ffffff&#8221; align=&#8221;center&#8221; css_animation=&#8221;fadeIn&#8221; css=&#8221;.vc_custom_1643118071552{padding-top: 15px !important;}&#8221; link=&#8221;url:https%3A%2F%2Fyoutu.be%2FMyz5rCJCsyA|target:_blank&#8221;][vc_btn title=&#8221;Conhe\u00e7a o projeto \u201cBrincando com Arte\u201d&#8221; style=&#8221;custom&#8221; custom_background=&#8221;#595959&#8243; custom_text=&#8221;#ffffff&#8221; align=&#8221;center&#8221; css_animation=&#8221;fadeIn&#8221; css=&#8221;.vc_custom_1643118092640{padding-top: 15px !important;}&#8221; link=&#8221;url:https%3A%2F%2Fyoutu.be%2Fl6a6rgwD6Vk%20|target:_blank&#8221;][\/vc_column][\/vc_row][\/vc_section][vc_section full_width=&#8221;stretch_row&#8221; el_id=&#8221;Equipe&#8221; el_class=&#8221;light-scheme&#8221; css=&#8221;.vc_custom_1564839739416{border-top-width: 1px !important;border-bottom-width: 1px !important;padding-top: 120px !important;padding-bottom: 80px !important;background-color: #f8f8f8 !important;border-top-color: #e9ecef !important;border-top-style: solid !important;border-bottom-color: #e9ecef !important;border-bottom-style: solid !important;}&#8221;][vc_row gap=&#8221;35&#8243;][vc_column css_animation=&#8221;fadeIn&#8221; width=&#8221;1\/3&#8243; css=&#8221;.vc_custom_1496662085660{padding-right: 20px !important;}&#8221;][vc_column_text]<\/p>\n<h2>Nosso time<\/h2>\n<p>&nbsp;<\/p>\n<p>Acreditamos nas pessoas e investimos em relacionamentos de longo prazo. A cada projeto, acionamos profissionais experientes, dedicados e comprometidos com os resultados. S\u00e3o companhias de teatro, designers, ilustradores, dramaturgos, jornalistas, social midias, atrizes, fot\u00f3grafos e muitos outros.<\/p>\n<p>Nossa rede de colaboradores estende-se por todo o Brasil e \u00e9 o resultado de uma d\u00e9cada de trabalho e parcerias de sucesso nos mais diversos projetos.[\/vc_column_text][\/vc_column][vc_column width=&#8221;2\/3&#8243;][vc_row_inner gap=&#8221;35&#8243;][vc_column_inner width=&#8221;1\/3&#8243;][vc_single_image image=&#8221;569&#8243; img_size=&#8221;900&#215;770&#8243; css_animation=&#8221;fadeIn&#8221; el_class=&#8221;column-hover&#8221;][vc_column_text css_animation=&#8221;fadeIn&#8221;]<\/p>\n<h4>Guilherme Arag\u00e3o<\/h4>\n<p>[\/vc_column_text][vc_column_text css_animation=&#8221;fadeIn&#8221; css=&#8221;.vc_custom_1566050594089{margin-top: -35px !important;}&#8221;]<\/p>\n<h4><em>Coordena\u00e7\u00e3o-geral<\/em><\/h4>\n<p>[\/vc_column_text][\/vc_column_inner][vc_column_inner width=&#8221;1\/3&#8243;][vc_single_image image=&#8221;570&#8243; img_size=&#8221;900 x 770&#8243; css_animation=&#8221;fadeIn&#8221; el_class=&#8221;column-hover&#8221;][vc_column_text css_animation=&#8221;fadeIn&#8221;]<\/p>\n<h4>Conrado Moreira<\/h4>\n<p>[\/vc_column_text][vc_column_text css_animation=&#8221;fadeIn&#8221; css=&#8221;.vc_custom_1643118931707{margin-top: -35px !important;}&#8221;]<\/p>\n<h4><em>Produ\u00e7\u00e3o Executiva<\/em><\/h4>\n<p>[\/vc_column_text][\/vc_column_inner][vc_column_inner width=&#8221;1\/3&#8243;][vc_single_image image=&#8221;619&#8243; img_size=&#8221;900 x 770&#8243; css_animation=&#8221;fadeIn&#8221; el_class=&#8221;column-hover&#8221;][vc_column_text css_animation=&#8221;fadeIn&#8221;]<\/p>\n<h4 style=\"text-align: left;\">\u00c9lida Strazzi<\/h4>\n<p>[\/vc_column_text][vc_column_text css_animation=&#8221;fadeIn&#8221; css=&#8221;.vc_custom_1643211986396{margin-top: -35px !important;}&#8221;]<\/p>\n<h4 style=\"text-align: left;\"><em>Produ\u00e7\u00e3o Art\u00edstica<\/em><\/h4>\n<p>[\/vc_column_text][\/vc_column_inner][\/vc_row_inner][\/vc_column][\/vc_row][\/vc_section][vc_section full_width=&#8221;stretch_row&#8221; parallax=&#8221;content-moving&#8221; parallax_image=&#8221;559&#8243; css=&#8221;.vc_custom_1567259329719{padding-top: 150px !important;padding-bottom: 120px !important;}&#8221; el_class=&#8221;dark-scheme&#8221;][vc_row css_animation=&#8221;fadeInDown&#8221;][vc_column][vc_column_text css_animation=&#8221;fadeInDown&#8221;]<\/p>\n<h2 style=\"text-align: center;\">Projetos editorais com foco na cultura brasileira, resgatando a hist\u00f3ria, preservando a mem\u00f3ria e valorizando o presente.<\/h2>\n<p>[\/vc_column_text][vc_column_text css_animation=&#8221;fadeIn&#8221;]<\/p>\n<p style=\"text-align: center;\"><strong>Livros de arte com design arrojado e imagens dos mais renomados fot\u00f3grafos brasileiros.<\/strong><\/p>\n<p>[\/vc_column_text][vc_btn title=&#8221;Conhe\u00e7a nossos livros&#8221; style=&#8221;custom&#8221; custom_background=&#8221;#595959&#8243; custom_text=&#8221;#ffffff&#8221; align=&#8221;center&#8221; css_animation=&#8221;fadeIn&#8221; css=&#8221;.vc_custom_1643118978233{padding-top: 15px !important;}&#8221; link=&#8221;url:https%3A%2F%2Fwww.amazon.com.br%2Fs%3Fme%3DA2GR3P25LFT1C0%26marketplaceID%3DA2Q3Y263D00KWC|target:_blank&#8221;][\/vc_column][\/vc_row][\/vc_section][vc_section][vc_row][vc_column][\/vc_column][\/vc_row][\/vc_section][vc_section][vc_row][vc_column][vc_media_grid grid_id=&#8221;vc_gid:1643221816279-17ce39c8-6b0c-0&#8243; include=&#8221;606,607,608&#8243;][\/vc_column][\/vc_row][\/vc_section]<\/p>\n","protected":false},"excerpt":{"rendered":"<p>[vc_section full_width=&#8221;stretch_row&#8221; full_height=&#8221;yes&#8221; content_placement=&#8221;middle&#8221; parallax=&#8221;content-moving&#8221; parallax_image=&#8221;545&#8243; el_id=&#8221;hero&#8221; el_class=&#8221;dark-scheme&#8221; css=&#8221;.vc_custom_1566654373649{padding-top: 150px !important;padding-bottom: 300px !important;}&#8221;][vc_row][vc_column][vc_custom_heading text=&#8221;#aqui\u00e9cultura&#8221; font_container=&#8221;tag:h1|font_size:80|text_align:center|color:%23ffffff|line_height:1&#8243; use_theme_fonts=&#8221;yes&#8221; css_animation=&#8221;slideInDown&#8221;][vc_column_text css_animation=&#8221;fadeIn&#8221; css=&#8221;.vc_custom_1643211729701{padding-top: 30px !important;}&#8221;] Planejamento, gest\u00e3o e execu\u00e7\u00e3o de projetos culturais, sociais e editorais [\/vc_column_text][\/vc_column][\/vc_row][\/vc_section][vc_section el_id=&#8221;about&#8221; el_class=&#8221;light-scheme&#8221; css=&#8221;.vc_custom_1496661954147{padding-top: 120px !important;padding-bottom: 100px !important;}&#8221;][vc_row][vc_column width=&#8221;1\/2&#8243;][vc_row_inner][vc_column_inner width=&#8221;5\/6&#8243; css=&#8221;.vc_custom_1495629362518{padding-right: 0px !important;padding-left: 0px !important;}&#8221;][vc_column_text css_animation=&#8221;fadeIn&#8221; css=&#8221;.vc_custom_1562871648353{padding-top: 10px !important;}&#8221;] Projetos que transformam pessoas e [&hellip;]<\/p>\n","protected":false},"author":1,"featured_media":0,"parent":0,"menu_order":0,"comment_status":"closed","ping_status":"closed","template":"","meta":{"footnotes":""},"class_list":["post-350","page","type-page","status-publish","hentry"],"_links":{"self":[{"href":"https:\/\/bushidoproducoes.com.br\/index.php?rest_route=\/wp\/v2\/pages\/350","targetHints":{"allow":["GET"]}}],"collection":[{"href":"https:\/\/bushidoproducoes.com.br\/index.php?rest_route=\/wp\/v2\/pages"}],"about":[{"href":"https:\/\/bushidoproducoes.com.br\/index.php?rest_route=\/wp\/v2\/types\/page"}],"author":[{"embeddable":true,"href":"https:\/\/bushidoproducoes.com.br\/index.php?rest_route=\/wp\/v2\/users\/1"}],"replies":[{"embeddable":true,"href":"https:\/\/bushidoproducoes.com.br\/index.php?rest_route=%2Fwp%2Fv2%2Fcomments&post=350"}],"version-history":[{"count":101,"href":"https:\/\/bushidoproducoes.com.br\/index.php?rest_route=\/wp\/v2\/pages\/350\/revisions"}],"predecessor-version":[{"id":620,"href":"https:\/\/bushidoproducoes.com.br\/index.php?rest_route=\/wp\/v2\/pages\/350\/revisions\/620"}],"wp:attachment":[{"href":"https:\/\/bushidoproducoes.com.br\/index.php?rest_route=%2Fwp%2Fv2%2Fmedia&parent=350"}],"curies":[{"name":"wp","href":"https:\/\/api.w.org\/{rel}","templated":true}]}}